{"id":23,"date":"2024-05-03T16:50:12","date_gmt":"2024-05-03T16:50:12","guid":{"rendered":"https:\/\/dev.mudvalleyinstitute.org\/?page_id=23"},"modified":"2026-03-20T14:44:58","modified_gmt":"2026-03-20T14:44:58","slug":"o-nosso-trabalho","status":"publish","type":"page","link":"https:\/\/mudvalley.org\/pt\/our-work\/","title":{"rendered":"O nosso trabalho"},"content":{"rendered":"<p>[et_pb_section fb_built=&#8221;1&#8243; admin_label=&#8221;TBVS &#8211; Light &#8211; Call To Action 2&#8243; module_id=&#8221;next&#8221; module_class=&#8221;tbvs-section-light&#8221; _builder_version=&#8221;4.25.0&#8243; _module_preset=&#8221;default&#8221; custom_padding=&#8221;||||false|false&#8221; global_colors_info=&#8221;{}&#8221;][et_pb_row _builder_version=&#8221;4.16&#8243; _module_preset=&#8221;default&#8221; max_width=&#8221;750px&#8221; global_colors_info=&#8221;{}&#8221;][et_pb_column type=&#8221;4_4&#8243; _builder_version=&#8221;4.16&#8243; _module_preset=&#8221;default&#8221; global_colors_info=&#8221;{}&#8221;][et_pb_text _builder_version=&#8221;4.25.0&#8243; _module_preset=&#8221;ffefe2d7-fe4d-4226-a5ef-9f2dc47a14ae&#8221; header_2_text_align=&#8221;center&#8221; header_2_text_align_last_edited=&#8221;off|desktop&#8221; global_colors_info=&#8221;{}&#8221;]<\/p>\n<h2>Regeneration and ecosystem restoration focused activities<\/h2>\n<p>[\/et_pb_text][et_pb_text _builder_version=&#8221;4.25.0&#8243; _module_preset=&#8221;0d7125e8-6144-4e5e-b524-b89530281cb3&#8243; text_orientation=&#8221;center&#8221; global_colors_info=&#8221;{}&#8221;]<\/p>\n<p>We develop and support programs, research, and education aligned with our mission and goals, and strive to create a community of regeneration agents locally and regionally who are focused on soil reinvigoration, watershed preservation, biodiversity improvement, and healthy food production.<\/p>\n<p>Our activities fall into three categories.<\/p>\n<p>&nbsp;<\/p>\n<p>[\/et_pb_text][\/et_pb_column][\/et_pb_row][et_pb_row custom_padding_last_edited=&#8221;on|phone&#8221; _builder_version=&#8221;4.25.0&#8243; _module_preset=&#8221;default&#8221; background_color=&#8221;#FFFFFF&#8221; custom_margin=&#8221;||||false|false&#8221; custom_padding=&#8221;60px|150px|60px|150px|true|true&#8221; custom_padding_tablet=&#8221;60px|40px|60px|40px|true|true&#8221; custom_padding_phone=&#8221;|25px||25px|true|true&#8221; box_shadow_style=&#8221;preset1&#8243; global_colors_info=&#8221;{}&#8221;][et_pb_column type=&#8221;4_4&#8243; _builder_version=&#8221;4.16&#8243; _module_preset=&#8221;default&#8221; global_colors_info=&#8221;{}&#8221;][et_pb_text _builder_version=&#8221;4.25.0&#8243; _module_preset=&#8221;ffefe2d7-fe4d-4226-a5ef-9f2dc47a14ae&#8221; header_2_text_align=&#8221;center&#8221; global_colors_info=&#8221;{}&#8221;]<\/p>\n<h2>Programs and training<\/h2>\n<p>[\/et_pb_text][et_pb_text _builder_version=&#8221;4.27.6&#8243; _module_preset=&#8221;0d7125e8-6144-4e5e-b524-b89530281cb3&#8243; text_orientation=&#8221;center&#8221; hover_enabled=&#8221;0&#8243; global_colors_info=&#8221;{}&#8221; sticky_enabled=&#8221;0&#8243;]<\/p>\n<p>Mud Valley Foundation develops and presents structured courses and events that convey knowledge and skills related to ecosystem regeneration, such as food and water security, agroforestry, and permaculture. Our mission is also supported through efforts in related areas, such as developing educational content.<\/p>\n<p>[\/et_pb_text][et_pb_accordion _builder_version=&#8221;4.27.4&#8243; _module_preset=&#8221;45a17be5-ea01-49d6-9eb9-e57b9b6dcbcc&#8221; global_colors_info=&#8221;{%22gcid-89f30470-60e2-4f62-9930-b3c11e531654%22:%91%22icon_color%22,%22toggle_text_color%22%93,%22gcid-heading-color%22:%91%22open_toggle_text_color%22,%22icon_color__hover%22,%22toggle_text_color__hover%22%93,%22gcid-body-color%22:%91%22body_text_color%22%93}&#8221;][et_pb_accordion_item title=&#8221;Saturdays at the Farm&#8221; open=&#8221;on&#8221; _builder_version=&#8221;4.27.0&#8243; _module_preset=&#8221;default&#8221; global_colors_info=&#8221;{}&#8221;]<\/p>\n<p>This event series takes place monthly at local organic farms. Participants meet and engage with experts in a variety of regeneration-related areas while spending time outdoors. Each session features an ecosystem regeneration and land use-focused guided tour, followed by a themed lecture or hands on workshop, with topics varying each time. Participation is free to attendees.<\/p>\n<p>\ud83d\udd17 <a href=\"https:\/\/mudvalley.org\/get-involved\/regenerative-farm-tour-workshops\/\">More information about this program can be found here<\/a><\/p>\n<p>[\/et_pb_accordion_item][et_pb_accordion_item title=&#8221;Ecosystem Regeneration Training&#8221; _builder_version=&#8221;4.27.4&#8243; _module_preset=&#8221;default&#8221; global_colors_info=&#8221;{}&#8221; open=&#8221;off&#8221;]<\/p>\n<p>Our advanced, hands-on courses teach, develop, and put into practice seasonal agroforestry and ecological regeneration knowledge, and are for those who will use the knowledge and skills gained to act on ecosystem restoration and increase their impact in regenerating nature and society. The programs were developed jointly with our partners at Quinta Vale da Lama, Novas Descobertas Association, and OrlaDesign. These courses are offered several times a year.<\/p>\n<p><a href=\"https:\/\/mudvalley.org\/get-involved\/ecosystem-regeneration-camp\/\">\ud83d\udd17 Learn more about our one-week residential Ecosystem Regeneration Camp<\/a><\/p>\n<p><a href=\"https:\/\/mudvalley.org\/get-involved\/ecosystem-regeneration-mondays\/\">\ud83d\udd17 Learn more about our non-residential Ecosystem Regeneration Mondays program<\/a><\/p>\n<p>[\/et_pb_accordion_item][et_pb_accordion_item title=&#8221;Regeneration and Ecosystem Restoration Education&#8221; _builder_version=&#8221;4.25.1&#8243; _module_preset=&#8221;default&#8221; global_colors_info=&#8221;{}&#8221; open=&#8221;off&#8221;]<\/p>\n<p>We are creating a rich variety of educational content and media to share regenerative knowledge so that we can build an empowered community that advocates for and works to create more sustainable ecological and social ecosystems. That content will be presented through a variety of channels, including this website, so that a large number of people can be reached, creating a collective impact in the area of ecosystem restoration, contributing to spreading solutions, and helping people and communities become more resilient and happy.<\/p>\n<p>[\/et_pb_accordion_item][\/et_pb_accordion][\/et_pb_column][\/et_pb_row][et_pb_row _builder_version=&#8221;4.25.0&#8243; _module_preset=&#8221;default&#8221; global_colors_info=&#8221;{}&#8221;][et_pb_column type=&#8221;4_4&#8243; _builder_version=&#8221;4.25.0&#8243; _module_preset=&#8221;default&#8221; global_colors_info=&#8221;{}&#8221;][et_pb_divider show_divider=&#8221;off&#8221; _builder_version=&#8221;4.25.0&#8243; _module_preset=&#8221;e07ea7c3-74cf-4e56-adac-067319c9e2e1&#8243; global_colors_info=&#8221;{}&#8221;][\/et_pb_divider][\/et_pb_column][\/et_pb_row][et_pb_row custom_padding_last_edited=&#8221;on|phone&#8221; _builder_version=&#8221;4.25.0&#8243; _module_preset=&#8221;default&#8221; background_color=&#8221;#FFFFFF&#8221; custom_margin=&#8221;||||false|false&#8221; custom_padding=&#8221;60px|150px|60px|150px|true|true&#8221; custom_padding_tablet=&#8221;60px|40px|60px|40px|true|true&#8221; custom_padding_phone=&#8221;|25px||25px|true|true&#8221; box_shadow_style=&#8221;preset1&#8243; global_colors_info=&#8221;{}&#8221;][et_pb_column type=&#8221;4_4&#8243; _builder_version=&#8221;4.16&#8243; _module_preset=&#8221;default&#8221; global_colors_info=&#8221;{}&#8221;][et_pb_text _builder_version=&#8221;4.25.0&#8243; _module_preset=&#8221;ffefe2d7-fe4d-4226-a5ef-9f2dc47a14ae&#8221; header_2_text_align=&#8221;center&#8221; global_colors_info=&#8221;{}&#8221;]<\/p>\n<h2>Scientific projects<\/h2>\n<p>[\/et_pb_text][et_pb_text _builder_version=&#8221;4.25.1&#8243; _module_preset=&#8221;0d7125e8-6144-4e5e-b524-b89530281cb3&#8243; text_orientation=&#8221;center&#8221; global_colors_info=&#8221;{}&#8221;]<\/p>\n<p>We directly support the creation, implementation, and reporting of research-oriented work, usually at our site at <a href=\"https:\/\/www.valedalama.net\/\" target=\"_blank\" rel=\"noopener\">Quinta Vale da Lama<\/a> or in other physical settings, such as local farms or watersheds. These research efforts can be performed by professional scientists or academics, or can be in the citizen science realm.<\/p>\n<p>[\/et_pb_text][et_pb_accordion _builder_version=&#8221;4.27.6&#8243; _module_preset=&#8221;45a17be5-ea01-49d6-9eb9-e57b9b6dcbcc&#8221; hover_enabled=&#8221;0&#8243; global_colors_info=&#8221;{%22gcid-89f30470-60e2-4f62-9930-b3c11e531654%22:%91%22icon_color%22,%22toggle_text_color%22,%22icon_color%22,%22toggle_text_color%22,%22icon_color%22,%22toggle_text_color%22,%22icon_color%22,%22toggle_text_color%22%93,%22gcid-heading-color%22:%91%22open_toggle_text_color%22,%22icon_color__hover%22,%22toggle_text_color__hover%22,%22open_toggle_text_color%22,%22icon_color__hover%22,%22toggle_text_color__hover%22,%22open_toggle_text_color%22,%22icon_color__hover%22,%22toggle_text_color__hover%22,%22open_toggle_text_color%22,%22icon_color__hover%22,%22toggle_text_color__hover%22%93,%22gcid-body-color%22:%91%22body_text_color%22,%22body_text_color%22,%22body_text_color%22,%22body_text_color%22%93}&#8221; sticky_enabled=&#8221;0&#8243;][et_pb_accordion_item title=&#8221;The Soil Lab at Mud Valley Foundation&#8221; open=&#8221;on&#8221; _builder_version=&#8221;4.27.6&#8243; _module_preset=&#8221;default&#8221; hover_enabled=&#8221;0&#8243; global_colors_info=&#8221;{}&#8221; sticky_enabled=&#8221;0&#8243;]<\/p>\n<p>Our Soil Lab is an onsite, field-based laboratory that supports research focused on testing and measuring soil improvement and agricultural production gains through working with soil biology. The goal is to identify methods that regenerate degraded soil and increase crop yields, leading to better ecological and economic results for local farmers, foresters, vintners, and workers in the field of agroecology.<\/p>\n<p>For example, a recent experiment validated that the addition of good soil microbes through worm casting extracts dramatically improved the height, weight, crown diameter, and root depth of lettuce.<\/p>\n<p>\ud83d\udd17 <a href=\"https:\/\/mudvalley.org\/the-soil-lab-at-mud-valley-institute\/\">Learn more about the Soil Lab<\/a><\/p>\n<p>[\/et_pb_accordion_item][\/et_pb_accordion][\/et_pb_column][\/et_pb_row][et_pb_row _builder_version=&#8221;4.25.0&#8243; _module_preset=&#8221;default&#8221; global_colors_info=&#8221;{}&#8221;][et_pb_column type=&#8221;4_4&#8243; _builder_version=&#8221;4.25.0&#8243; _module_preset=&#8221;default&#8221; global_colors_info=&#8221;{}&#8221;][et_pb_divider show_divider=&#8221;off&#8221; _builder_version=&#8221;4.25.0&#8243; _module_preset=&#8221;e07ea7c3-74cf-4e56-adac-067319c9e2e1&#8243; global_colors_info=&#8221;{}&#8221;][\/et_pb_divider][\/et_pb_column][\/et_pb_row][et_pb_row custom_padding_last_edited=&#8221;on|phone&#8221; _builder_version=&#8221;4.25.0&#8243; _module_preset=&#8221;default&#8221; background_color=&#8221;#FFFFFF&#8221; custom_margin=&#8221;||||false|false&#8221; custom_padding=&#8221;60px|150px|60px|150px|true|true&#8221; custom_padding_tablet=&#8221;60px|40px|60px|40px|true|true&#8221; custom_padding_phone=&#8221;|25px||25px|true|true&#8221; box_shadow_style=&#8221;preset1&#8243; global_colors_info=&#8221;{}&#8221;][et_pb_column type=&#8221;4_4&#8243; _builder_version=&#8221;4.16&#8243; _module_preset=&#8221;default&#8221; global_colors_info=&#8221;{}&#8221;][et_pb_text _builder_version=&#8221;4.25.0&#8243; _module_preset=&#8221;ffefe2d7-fe4d-4226-a5ef-9f2dc47a14ae&#8221; header_2_text_align=&#8221;center&#8221; global_colors_info=&#8221;{}&#8221;]<\/p>\n<h2>Grants for organizations<\/h2>\n<p>[\/et_pb_text][et_pb_text _builder_version=&#8221;4.27.0&#8243; _module_preset=&#8221;0d7125e8-6144-4e5e-b524-b89530281cb3&#8243; text_orientation=&#8221;center&#8221; global_colors_info=&#8221;{}&#8221;]<\/p>\n<p>We offer grants to selected nonprofit organizations and educational institutions to support their ecosystem restoration and regeneration education efforts, with a specific focus on helping people become agents of change in their community. In exchange for this financial support, we require that organizations provide us with detailed reporting about the direct impact that our funding enabled.<\/p>\n<p>[\/et_pb_text][et_pb_accordion _builder_version=&#8221;4.27.6&#8243; _module_preset=&#8221;45a17be5-ea01-49d6-9eb9-e57b9b6dcbcc&#8221; hover_enabled=&#8221;0&#8243; global_colors_info=&#8221;{%22gcid-89f30470-60e2-4f62-9930-b3c11e531654%22:%91%22icon_color%22,%22toggle_text_color%22,%22icon_color%22,%22toggle_text_color%22%93,%22gcid-heading-color%22:%91%22open_toggle_text_color%22,%22icon_color__hover%22,%22toggle_text_color__hover%22,%22open_toggle_text_color%22,%22icon_color__hover%22,%22toggle_text_color__hover%22%93,%22gcid-body-color%22:%91%22body_text_color%22,%22body_text_color%22%93}&#8221; sticky_enabled=&#8221;0&#8243;][et_pb_accordion_item title=&#8221;Novas Descobertas Association&#8221; _builder_version=&#8221;4.27.6&#8243; _module_preset=&#8221;default&#8221; hover_enabled=&#8221;0&#8243; global_colors_info=&#8221;{}&#8221; open=&#8221;on&#8221; sticky_enabled=&#8221;0&#8243;]<\/p>\n<p>Novas Descobertas Association is a nonprofit association near Lagos, Portugal, that offers transformational learning experiences for groups that connect people of all ages and backgrounds with each other and with nature. Their programs and activities are designed with a focus on learning about team building, soils, vegetable gardens, water, and ecosystems and regeneration concepts in general. Mud Valley Foundation has given grants to Novas Descobertas since 2010 to support a variety of their programs and operations, including summer camps and teacher training.<\/p>\n<p><a href=\"https:\/\/www.novasdescobertas.org\/\" target=\"_blank\" rel=\"noopener\">\ud83d\udd17 Learn more about Novas Descobertas Association here<\/a><\/p>\n<p>[\/et_pb_accordion_item][et_pb_accordion_item title=&#8221;Integrated Water Management Framework&#8221; _builder_version=&#8221;4.25.1&#8243; _module_preset=&#8221;default&#8221; global_colors_info=&#8221;{}&#8221; open=&#8221;off&#8221;]<\/p>\n<p>Mud Valley Institute gave a grant to support the creation of an integrated water management plan for a local organic farm and ecotourism hotel, to help insure a conscientious, regeneration-focused approach to managing their use of this precious resource in our drought-impacted region. Work was organized into four phases: context assessment, mapping water consumption in a pilot model zone, developing a strategy for reduction in consumption, and localization of the water cycle. The work was placed into an open-source framework that will be shared.<\/p>\n<p>[\/et_pb_accordion_item][et_pb_accordion_item title=&#8221;Environmental Impact Assessment Support&#8221; _builder_version=&#8221;4.25.1&#8243; _module_preset=&#8221;default&#8221; global_colors_info=&#8221;{}&#8221; open=&#8221;off&#8221;]<\/p>\n<p>We gave financial support to defray the costs of an Environmental Impact Assessment being conducted for a local eco-resort that is in the planning and development stages. The eco-resort, which aspires to bridge ecological restoration and conscious living, will be located next to one of our local reservoirs and, therefore, wants to assure they are built, exist, and interact in harmony with their surroundings. Given the alignment between their values and ours, Mud Valley Institute was happy to support the critical work of the impact assessment.<\/p>\n<p>[\/et_pb_accordion_item][\/et_pb_accordion][\/et_pb_column][\/et_pb_row][\/et_pb_section][et_pb_section fb_built=&#8221;1&#8243; admin_label=&#8221;TBVS &#8211; Light &#8211; Content 5&#8243; module_class=&#8221;tbvs-section-light&#8221; _builder_version=&#8221;4.25.0&#8243; _module_preset=&#8221;default&#8221; global_colors_info=&#8221;{}&#8221;][et_pb_row column_structure=&#8221;1_2,1_2&#8243; _builder_version=&#8221;4.25.1&#8243; _module_preset=&#8221;default&#8221; custom_css_main_element=&#8221;display: flex;||flex-wrap: wrap;&#8221; global_colors_info=&#8221;{}&#8221;][et_pb_column type=&#8221;1_2&#8243; _builder_version=&#8221;4.25.1&#8243; _module_preset=&#8221;default&#8221; custom_padding_tablet=&#8221;||30px||false|false&#8221; custom_padding_phone=&#8221;&#8221; custom_padding_last_edited=&#8221;on|tablet&#8221; global_colors_info=&#8221;{}&#8221; custom_css_main_element_last_edited=&#8221;on|tablet&#8221; custom_css_main_element_tablet=&#8221;order: 2;&#8221; custom_css_main_element_phone=&#8221;order: 2;&#8221;][et_pb_text _builder_version=&#8221;4.25.0&#8243; _module_preset=&#8221;ffefe2d7-fe4d-4226-a5ef-9f2dc47a14ae&#8221; global_colors_info=&#8221;{}&#8221;]<\/p>\n<h2>Why Ecosystem Restoration and Regeneration?<\/h2>\n<p>[\/et_pb_text][et_pb_divider show_divider=&#8221;off&#8221; _builder_version=&#8221;4.25.0&#8243; _module_preset=&#8221;e07ea7c3-74cf-4e56-adac-067319c9e2e1&#8243; global_colors_info=&#8221;{}&#8221;][\/et_pb_divider][et_pb_text _builder_version=&#8221;4.25.0&#8243; _module_preset=&#8221;0d7125e8-6144-4e5e-b524-b89530281cb3&#8243; global_colors_info=&#8221;{}&#8221;]<\/p>\n<p>Without healthy soils and adequate water quality and quantity, our ecosystems will continue to collapse, resulting in grave consequences for both humanity and the planet. We must take action now, both within our local ecosystem and across the planet.<\/p>\n<p>[\/et_pb_text][et_pb_button button_url=&#8221;@ET-DC@eyJkeW5hbWljIjp0cnVlLCJjb250ZW50IjoicG9zdF9saW5rX3VybF9wYWdlIiwic2V0dGluZ3MiOnsicG9zdF9pZCI6IjE0In19@&#8221; button_text=&#8221;Learn more about the problem and how we are addressing it&#8221; _builder_version=&#8221;4.25.0&#8243; _dynamic_attributes=&#8221;button_url&#8221; _module_preset=&#8221;515a6e83-da98-466f-b0eb-c3abd7259a40&#8243; global_colors_info=&#8221;{%22gcid-89f30470-60e2-4f62-9930-b3c11e531654%22:%91%22button_text_color%22,%22button_text_color%22,%22button_bg_color__hover%22%93,%22gcid-77d1acf0-d340-4905-8f54-a6c24f676f3a%22:%91%22button_text_color__hover%22%93}&#8221;][\/et_pb_button][\/et_pb_column][et_pb_column type=&#8221;1_2&#8243; _builder_version=&#8221;4.25.1&#8243; _module_preset=&#8221;default&#8221; global_colors_info=&#8221;{}&#8221;][et_pb_image src=&#8221;https:\/\/mudvalley.org\/wp-content\/uploads\/2024\/05\/MVI-ecosystem-regen.png&#8221; title_text=&#8221;MVI-ecosystem-regen&#8221; _builder_version=&#8221;4.25.1&#8243; _module_preset=&#8221;39081355-9bcd-407a-92fc-c019feb5f42e&#8221; global_colors_info=&#8221;{}&#8221;][\/et_pb_image][\/et_pb_column][\/et_pb_row][\/et_pb_section]<\/p>\n","protected":false},"excerpt":{"rendered":"<p>A Mud Valley Foundation est\u00e1 a trabalhar para reduzir os impactos negativos das altera\u00e7\u00f5es clim\u00e1ticas e das ac\u00e7\u00f5es humanas na nossa bioregi\u00e3o e no ecossistema local.<\/p>","protected":false},"author":1,"featured_media":1089252,"parent":0,"menu_order":0,"comment_status":"closed","ping_status":"closed","template":"","meta":{"_et_pb_use_builder":"on","_et_pb_old_content":"","_et_gb_content_width":"","footnotes":""},"class_list":["post-23","page","type-page","status-publish","has-post-thumbnail","hentry"],"_links":{"self":[{"href":"https:\/\/mudvalley.org\/pt\/wp-json\/wp\/v2\/pages\/23","targetHints":{"allow":["GET"]}}],"collection":[{"href":"https:\/\/mudvalley.org\/pt\/wp-json\/wp\/v2\/pages"}],"about":[{"href":"https:\/\/mudvalley.org\/pt\/wp-json\/wp\/v2\/types\/page"}],"author":[{"embeddable":true,"href":"https:\/\/mudvalley.org\/pt\/wp-json\/wp\/v2\/users\/1"}],"replies":[{"embeddable":true,"href":"https:\/\/mudvalley.org\/pt\/wp-json\/wp\/v2\/comments?post=23"}],"version-history":[{"count":46,"href":"https:\/\/mudvalley.org\/pt\/wp-json\/wp\/v2\/pages\/23\/revisions"}],"predecessor-version":[{"id":1098634,"href":"https:\/\/mudvalley.org\/pt\/wp-json\/wp\/v2\/pages\/23\/revisions\/1098634"}],"wp:featuredmedia":[{"embeddable":true,"href":"https:\/\/mudvalley.org\/pt\/wp-json\/wp\/v2\/media\/1089252"}],"wp:attachment":[{"href":"https:\/\/mudvalley.org\/pt\/wp-json\/wp\/v2\/media?parent=23"}],"curies":[{"name":"wp","href":"https:\/\/api.w.org\/{rel}","templated":true}]}}